{"id":1451,"date":"2024-07-10T07:34:03","date_gmt":"2024-07-10T07:34:03","guid":{"rendered":"https:\/\/giaiphapluutru.com\/?page_id=1451"},"modified":"2024-07-19T02:02:08","modified_gmt":"2024-07-19T02:02:08","slug":"giai-phap-camera-giam-sat","status":"publish","type":"page","link":"https:\/\/giaiphapluutru.com\/index.php\/giai-phap-camera-giam-sat\/","title":{"rendered":"Gi\u1ea3i ph\u00e1p camera gi\u00e1m s\u00e1t"},"content":{"rendered":"\n<h3 class=\"wp-block-heading\">Gi\u1ea3i ph\u00e1p h\u1ec7 th\u1ed1ng camera gi\u00e1m s\u00e1t <\/h3>\n\n\n\n<pre class=\"wp-block-verse\">Gi\u1ea3i ph\u00e1p camera quan s\u00e1t hi\u1ec7n nay s\u1eed d\u1ee5ng hai c\u00f4ng ngh\u1ec7 ch\u00ednh l\u00e0 Camera quan s\u00e1t c\u00f4ng ngh\u1ec7&nbsp; Analog (g\u1ecdi t\u1eaft l\u00e0&nbsp;<strong>Camera Analog<\/strong>) v\u00e0 Camera quan s\u00e1t c\u00f4ng ngh\u1ec7 IP (g\u1ecdi t\u1eaft l\u00e0&nbsp;<strong>Camera IP<\/strong>). \u0110\u1eb7c \u0111i\u1ec3m ph\u00e2n bi\u1ec7t ch\u00ednh c\u1ee7a hai h\u1ec7 th\u1ed1ng Camera quan s\u00e1t n\u00e0y nh\u01b0 sau:<\/pre>\n\n\n\n<h5 class=\"wp-block-heading\">1. <strong>H\u1ec7 th\u1ed1ng camera quan s\u00e1t Analog<\/strong><\/h5>\n\n\n\n<p>Trong \u1ee9ng d\u1ee5ng camera quan s\u00e1t analog truy\u1ec1n th\u1ed1ng, c\u00e1c camera b\u1eaft t\u00edn hi\u1ec7u h\u00ecnh \u1ea3nh analog v\u00e0 truy\u1ec1n t\u00edn hi\u1ec7u analog n\u00e0y \u0111i tr\u00ean c\u00e1p \u0111\u1ed3ng tr\u1ee5c \u0111\u1ec3 \u0111\u1ebfn \u0111\u1ea7u ghi h\u00ecnh k\u1ef9 thu\u1eadt s\u1ed1 (g\u1ecdi t\u1eaft l\u00e0&nbsp;<strong>DVR<\/strong>). M\u1ed7i camera c\u00f3 th\u1ec3 \u0111\u01b0\u1ee3c h\u1ed7 tr\u1ee3 c\u1ea5p ngu\u1ed3n ho\u1ea1t \u0111\u1ed9ng b\u1eb1ng c\u00e1ch cung c\u1ea5p ngu\u1ed3n DC tr\u1ef1c ti\u1ebfp ngay t\u1ea1i camera ho\u1eb7c b\u1eb1ng c\u00e1ch c\u00f4ng ngh\u1ec7&nbsp;chuy\u1ec3n \u0111\u1ed5i c\u1ea5p ngu\u1ed3n v\u00e0 t\u00edn hi\u1ec7u chung tr\u00ean c\u00e1p \u0111\u1ed3ng tr\u1ee5c PoC. \u0110\u1ea7u ghi h\u00ecnh k\u1ef9 thu\u1eadt s\u1ed1 DVR chuy\u1ec3n \u0111\u1ed5i t\u00edn hi\u1ec7u analog sang t\u00edn hi\u1ec7u s\u1ed1, th\u1ef1c hi\u1ec7n n\u00e9n t\u00edn hi\u1ec7u v\u00e0 sau \u0111\u00f3 l\u01b0u tr\u1eef n\u00f3 tr\u00ean m\u1ed9t \u1ed5 c\u1ee9ng \u0111\u1ec3 cho ph\u00e9p xem l\u1ea1i sau. C\u00e1c t\u00ednh n\u0103ng th\u00f4ng minh \u0111\u01b0\u1ee3c t\u00edch h\u1ee3p v\u00e0o DVR \u0111\u1ec3 x\u1eed l\u00fd nh\u1eefng vi\u1ec7c nh\u01b0 l\u1eadp k\u1ebf ho\u1ea1ch ghi h\u00ecnh, ph\u00e1t hi\u1ec7n chuy\u1ec3n \u0111\u1ed9ng, zoom k\u1ef9 thu\u1eadt s\u1ed1,&#8230;. M\u00e0n h\u00ecnh quan s\u00e1t \u0111\u01b0\u1ee3c k\u1ebft n\u1ed1i tr\u1ef1c ti\u1ebfp v\u1edbi DVR, ho\u1eb7c n\u00f3 c\u00f3 th\u1ec3 \u0111\u01b0\u1ee3c thi\u1ebft l\u1eadp \u0111\u1ec3 truy\u1ec1n t\u00edn hi\u1ec7u \u0111i tr\u00ean m\u1ed9t&nbsp;m\u1ea1ng n\u1ed9i b\u1ed9&nbsp;ho\u1eb7c m\u1ea1ng Internet \u0111\u1ec3 xem tr\u00ean m\u00e1y t\u00ednh, \u0111i\u1ec7n tho\u1ea1i smartphone. Khi t\u00edn hi\u1ec7u truy\u1ec1n qua m\u00f4i tr\u01b0\u1eddng m\u1ea1ng n\u1ed9i b\u1ed9 ho\u1eb7c Internet, t\u00edn hi\u1ec7u video c\u1ee7a t\u1ea5t c\u1ea3 c\u00e1c camera \u0111\u01b0\u1ee3c truy\u1ec1n \u0111i chung theo m\u1ed9t lu\u1ed3ng d\u1eef li\u1ec7u \u2013 video stream (v\u1edbi c\u00f9ng m\u1ed9t \u0111\u1ecba ch\u1ec9 IP). Ngo\u00e0i ra&nbsp;<strong>DVR<\/strong>&nbsp;c\u00f2n th\u1ef1c hi\u1ec7n vi\u1ec7c n\u00e9n c\u00e1c t\u00edn hi\u1ec7u camera (chu\u1ea9n n\u00e9n th\u00f4ng d\u1ee5ng l\u00e0 H.264 v\u00e0 ng\u00e0y nay \u0111\u00e3 ph\u00e1t tri\u1ec3n c\u00e1c chu\u1ea9n n\u00e9n m\u1edbi nh\u01b0 H265, H265+, gi\u00fap ti\u1ebft ki\u1ec7m l\u00ean \u0111\u1ebfn 70% dung l\u01b0\u1ee3ng l\u01b0u tr\u1eef so v\u1edbi chu\u1ea9n n\u00e9n c\u0169) nh\u1eb1m gi\u1ea3m t\u1ed1i thi\u1ec3u b\u0103ng th\u00f4ng c\u1ee7a lu\u1ed3ng d\u1eef li\u1ec7u khi truy\u1ec1n \u0111i tr\u00ean m\u1ea1ng IP, v\u00ec v\u1eady, n\u00f3 r\u1ea5t hi\u1ec7u qu\u1ea3 trong vi\u1ec7c ti\u1ebft ki\u1ec7m b\u0103ng th\u00f4ng.&nbsp;<\/p>\n\n\n\n<figure class=\"wp-block-image size-full is-resized\"><img fetchpriority=\"high\" decoding=\"async\" width=\"571\" height=\"327\" src=\"https:\/\/giaiphapluutru.com\/wp-content\/uploads\/2024\/07\/mo-hinh-ht-analog.png\" alt=\"\" class=\"wp-image-1567\" style=\"width:730px;height:auto\" srcset=\"https:\/\/giaiphapluutru.com\/wp-content\/uploads\/2024\/07\/mo-hinh-ht-analog.png 571w, https:\/\/giaiphapluutru.com\/wp-content\/uploads\/2024\/07\/mo-hinh-ht-analog-300x172.png 300w\" sizes=\"(max-width: 571px) 100vw, 571px\" \/><\/figure>\n\n\n\n<h5 class=\"wp-block-heading\">2. H\u1ec7 th\u1ed1ng camera IP <\/h5>\n\n\n\n<p>Trong th\u1ebf gi\u1edbi IP, m\u1ed7i IP camera c\u0169ng s\u1ebd b\u1eaft t\u00edn hi\u1ec7u h\u00ecnh \u1ea3nh analoge nh\u01b0ng ngay l\u1eadp t\u1ee9c n\u00f3 chuy\u1ec3n \u0111\u1ed5i sang t\u00edn hi\u1ec7u k\u1ef9 thu\u1eadt s\u1ed1 ngay b\u00ean trong camera. M\u1ed9t s\u1ed1 x\u1eed l\u00fd k\u1ef9 thu\u1eadt s\u1ed1 c\u00f3 th\u1ec3 x\u1ea3y ra ngay khi v\u00e0o camera, v\u00ed d\u1ee5 nh\u01b0 n\u00e9n v\u00e0 ph\u00e1t hi\u1ec7n chuy\u1ec3n \u0111\u1ed9ng,\u2026 H\u00ecnh \u1ea3nh video k\u1ef9 thu\u1eadt s\u1ed1 n\u00e0y sau \u0111\u00f3 \u0111\u01b0\u1ee3c truy\u1ec1n \u0111i qua m\u1ea1ng IP b\u1eb1ng c\u00e1ch s\u1eed d\u1ee5ng giao ti\u1ebfp Ethernet. Vi\u1ec7c cung c\u1ea5p ngu\u1ed3n \u0111i\u1ec7n cho camera c\u00f3 th\u1ec3 \u0111\u01b0\u1ee3c c\u1ea5p tr\u1ef1c ti\u1ebfp t\u1eeb ngu\u1ed3n DC ho\u1eb7c c\u00f3 th\u1ec3 \u0111\u01b0\u1ee3c c\u1ea5p th\u00f4ng qua c\u00e1p ethernet b\u1eb1ng c\u00f4ng ngh\u1ec7 Power-Over-Ethernet (<strong>PoE<\/strong>). Nh\u01b0 v\u1eady gi\u1ed1ng nh\u01b0 v\u1edbi t\u1ea5t c\u1ea3 c\u00e1c thi\u1ebft b\u1ecb m\u1ea1ng, m\u1ed7i IP Camera s\u1ebd y\u00eau c\u1ea7u ph\u1ea3i thi\u1ebft l\u1eadp m\u1ed9t \u0111\u1ecba ch\u1ec9 IP ri\u00eang cho n\u00f3 v\u00e0 c\u00e1c thu\u1ed9c t\u00ednh nh\u1eadn d\u1ea1ng li\u00ean quan kh\u00e1c.&nbsp;<\/p>\n\n\n\n<p>Ph\u1ea7n m\u1ec1m qu\u1ea3n l\u00fd \u0111\u01b0\u1ee3c y\u00eau c\u1ea7u c\u00e0i tr\u00ean m\u00e1y t\u00ednh m\u00e0 b\u1ea1n mu\u1ed1n gi\u00e1m s\u00e1t h\u00ecnh \u1ea3nh c\u1ee7a c\u00e1c Camera IP. M\u1ed9t m\u00e1y t\u00ednh c\u00f4ng su\u1ea5t cao \u0111\u01b0\u1ee3c thi\u1ebft l\u1eadp v\u1edbi ph\u1ea7n m\u1ec1m qu\u1ea3n l\u00fd th\u00edch h\u1ee3p \u0111\u1ec3 ghi l\u1ea1i to\u00e0n b\u1ed9 c\u00e1c h\u00ecnh \u1ea3nh quan s\u00e1t c\u1ee7a h\u1ec7 th\u1ed1ng Camera IP. Ho\u1eb7c c\u00f3 th\u1ec3 l\u00e0 m\u1ed9t thi\u1ebft b\u1ecb ghi h\u00ecnh m\u1ea1ng th\u1ef1c hi\u1ec7n ch\u1ee9c n\u0103ng l\u01b0u tr\u1eef v\u00e0 gi\u00e1m s\u00e1t chung cho h\u1ec7 th\u1ed1ng camera IP c\u1ee7a nh\u00e0 cung c\u1ea5p (g\u1ecdi t\u1eaft l\u00e0 NVR \u2013 Network Video Recorder). Th\u00f4ng th\u01b0\u1eddng ph\u1ea7n m\u1ec1m gi\u00e1m s\u00e1t c\u00e0i tr\u00ean PC ho\u1eb7c NVR s\u1ebd ph\u1ea3i c\u00f9ng nh\u00e0 s\u1ea3n xu\u1ea5t v\u1edbi Camera IP do s\u1ef1 ch\u01b0a th\u1ed1ng nh\u1ea5t trong c\u00e1c chu\u1ea9n s\u1ea3n xu\u1ea5t c\u1ee7a c\u00e1c nh\u00e0 cung c\u1ea5p kh\u00e1c nhau.&nbsp;<\/p>\n\n\n\n<p>C\u00e1c t\u00edn hi\u1ec7u camera IP \u0111\u01b0\u1ee3c truy\u1ec1n \u0111i qua Internet c\u0169ng t\u01b0\u1ee3ng t\u1ef1 v\u1edbi c\u00e1ch m\u00e0 m\u1ed9t t\u00edn hi\u1ec7u DVR th\u1ef1c hi\u1ec7n. Tuy nhi\u00ean, m\u1ed7i m\u1ed9t Camera IP l\u00e0 m\u1ed9t lu\u1ed3ng t\u00edn hi\u1ec7u ri\u00eang bi\u1ec7t v\u00e0 c\u00f3 \u0111\u1ecba ch\u1ec9 IP ho\u1eb7c c\u1ed5ng ri\u00eang c\u1ee7a m\u00ecnh. \u0110i\u1ec1u n\u00e0y c\u00f3 th\u1ec3 \u1ea3nh h\u01b0\u1edfng r\u1ea5t nhi\u1ec1u \u0111\u1ebfn b\u0103ng th\u00f4ng s\u1eed d\u1ee5ng khi quan s\u00e1t t\u1eeb xa.<\/p>\n\n\n\n<figure class=\"wp-block-image size-large is-resized\"><img decoding=\"async\" width=\"1024\" height=\"721\" src=\"https:\/\/giaiphapluutru.com\/wp-content\/uploads\/2024\/07\/mo-hinh-camera-ip-1024x721.jpg\" alt=\"\" class=\"wp-image-1568\" style=\"width:730px;height:auto\" srcset=\"https:\/\/giaiphapluutru.com\/wp-content\/uploads\/2024\/07\/mo-hinh-camera-ip-1024x721.jpg 1024w, https:\/\/giaiphapluutru.com\/wp-content\/uploads\/2024\/07\/mo-hinh-camera-ip-600x422.jpg 600w, https:\/\/giaiphapluutru.com\/wp-content\/uploads\/2024\/07\/mo-hinh-camera-ip-300x211.jpg 300w, https:\/\/giaiphapluutru.com\/wp-content\/uploads\/2024\/07\/mo-hinh-camera-ip-768x540.jpg 768w, https:\/\/giaiphapluutru.com\/wp-content\/uploads\/2024\/07\/mo-hinh-camera-ip-90x63.jpg 90w, https:\/\/giaiphapluutru.com\/wp-content\/uploads\/2024\/07\/mo-hinh-camera-ip-320x225.jpg 320w, https:\/\/giaiphapluutru.com\/wp-content\/uploads\/2024\/07\/mo-hinh-camera-ip-990x697.jpg 990w, https:\/\/giaiphapluutru.com\/wp-content\/uploads\/2024\/07\/mo-hinh-camera-ip.jpg 1100w\" sizes=\"(max-width: 1024px) 100vw, 1024px\" \/><\/figure>\n\n\n\n<h5 class=\"wp-block-heading\">3. <strong>H\u1ec7 th\u1ed1ng camera quan s\u00e1t k\u1ebft h\u1ee3p Analog v\u00e0 IP<\/strong><\/h5>\n\n\n\n<p>M\u1ed9t gi\u1ea3i ph\u00e1p&nbsp;t\u1ed1t h\u01a1n c\u00f3 th\u1ec3 \u0111\u01b0\u1ee3c s\u1eed d\u1ee5ng \u0111\u1ec3 gi\u1ea3i quy\u1ebft v\u1ea5n \u0111\u1ec1 tr\u00ean l\u00e0 gi\u1ea3i ph\u00e1p k\u1ebft h\u1ee3p gi\u1eefa vi\u1ec7c s\u1eed d\u1ee5ng c\u00f4ng ngh\u1ec7 analog v\u00e0 IP. Gi\u1ea3i ph\u00e1p k\u1ebft h\u1ee3p c\u00e1c l\u1ee3i \u00edch v\u00e0 l\u1ee3i th\u1ebf c\u1ee7a c\u00f4ng ngh\u1ec7 gi\u00e1m s\u00e1t analog v\u00e0 k\u1ef9 thu\u1eadt s\u1ed1. Ph\u01b0\u01a1ng ph\u00e1p n\u00e0y cho ph\u00e9p b\u1ea1n s\u1eed d\u1ee5ng m\u1ed9t s\u1ef1 k\u1ebft h\u1ee3p c\u1ee7a camera analog v\u00e0 camera IP, \u0111\u1ea7u ghi h\u00ecnh k\u1ef9 thu\u1eadt s\u1ed1 (DVR), v\u00e0 m\u00e1y ch\u1ee7 camera IP. Gi\u1ea3i ph\u00e1p m\u1ea1nh m\u1ebd n\u00e0y l\u00e0 ho\u00e0n h\u1ea3o cho c\u00e1c doanh nghi\u1ec7p l\u1edbn v\u00e0 m\u1edf r\u1ed9ng nh\u01b0 chu\u1ed7i nh\u00e0 h\u00e0ng, c\u00e1c t\u00f2a nh\u00e0 y t\u1ebf, tr\u01b0\u1eddng h\u1ecdc, ho\u1eb7c v\u0103n ph\u00f2ng l\u1edbn hay m\u00f4i tr\u01b0\u1eddng c\u00f4ng nghi\u1ec7p.<\/p>\n\n\n\n<p><strong>T\u00ednh n\u0103ng h\u1ec7 th\u1ed1ng<\/strong> <\/p>\n\n\n\n<p>&#8211;&nbsp; M\u1ea1ng l\u01b0\u1edbi nhi\u1ec1u DVRs, IP camera, v\u00e0 c\u00e1c m\u00e1y ch\u1ee7 IP.<\/p>\n\n\n\n<p>&nbsp;&nbsp;&#8211;&nbsp; H\u1ed7 tr\u1ee3 m\u1edf r\u1ed9ng tr\u00ean 1000 camera&nbsp;c\u00f3 th\u1ec3 \u0111\u01b0\u1ee3c qu\u1ea3n l\u00fd tr\u00ean c\u00f9ng h\u1ec7 th\u1ed1ng gi\u00e1m s\u00e1t chung.&nbsp;<\/p>\n\n\n\n<p>&nbsp; &#8211;&nbsp; S\u1eed d\u1ee5ng c\u00e1c&nbsp;chu\u1ea9n n\u00e9n&nbsp;ti\u00ean ti\u1ebfn H265, H265+ gi\u00fap ti\u1ebft ki\u1ec7m dung l\u01b0\u1ee3ng l\u01b0u tr\u1eef \u0111\u1ebfn 70%<\/p>\n\n\n\n<p>&nbsp; &#8211;&nbsp; Qu\u1ea3n l\u00fd gi\u00e1m s\u00e1t t\u1ea5t c\u1ea3 c\u00e1c k\u00eanh.<\/p>\n\n\n\n<p>&nbsp; &#8211;&nbsp; H\u1ed7 tr\u1ee3 t\u1ea5t c\u00e1c c\u00e1c ch\u1ee9c n\u0103ng gi\u00e1m s\u00e1t v\u00e0 quan l\u00fd t\u1eeb xa to\u00e0n b\u1ed9 h\u1ec7 th\u1ed1ng<\/p>\n\n\n\n<p>&nbsp; &#8211;&nbsp; H\u1ed7 tr\u1ee3&nbsp; c\u00e1c c\u00f4ng ngh\u1ec7 t\u00ecm ki\u1ebfm th\u00f4ng minh nh\u01b0: ph\u00e1t hi\u1ec7n chuy\u1ec3n \u0111\u1ed9ng, ph\u00e1t hi\u1ec7n x\u00e2m nh\u1eadp, nh\u1eadn di\u1ec7n g\u01b0\u01a1ng m\u1eb7t, \u0111\u1ebfm s\u1ed1 l\u01b0\u1ee3ng, &#8230;..<\/p>\n\n\n\n<hr class=\"wp-block-separator has-alpha-channel-opacity is-style-wide\"\/>\n\n\n\n<p><strong>C\u00d4NG TY C\u1ed4 PH\u1ea6N GI\u1ea2I PH\u00c1P C\u00d4NG NGH\u1ec6 \u00c1NH S\u00c1NG&nbsp;<\/strong><\/p>\n\n\n\n<p><strong>CS H\u00e0 N\u1ed9i:<\/strong>&nbsp;S\u1ed1 18, ng\u00f5 172\/69 Ph\u01b0\u1eddng Ph\u00fa Di\u1ec5n, Qu\u1eadn B\u1eafc T\u1eeb Li\u00eam, H\u00e0 N\u1ed9i.<\/p>\n\n\n\n<p><strong>CS TP.HCM:<\/strong>&nbsp;S\u1ed1 19 \u0110\u01b0\u1eddng S\u1ed1 1, KDC Ch\u1ee3 L\u1edbn, Ph\u01b0\u1eddng Ph\u00fa M\u1ef9, Qu\u1eadn 7, TP. H\u1ed3 Ch\u00ed Minh<\/p>\n\n\n\n<p><strong>Hotline HN:<\/strong>&nbsp;0986.760.010 \u2013&nbsp;<strong>TP.HCM:<\/strong>&nbsp;0799.999.978<\/p>\n\n\n\n<p><strong>Email:<\/strong><strong>&nbsp;<\/strong><a>info@lightjsc.com<\/a><\/p>\n\n\n\n<p><strong><em>Light JSC&nbsp;h\u00e2n h\u1ea1nh \u0111\u01b0\u1ee3c ph\u1ee5c v\u1ee5 c\u00e1c b\u1ea1n !<\/em><\/strong><\/p>\n","protected":false},"excerpt":{"rendered":"<p>Gi\u1ea3i ph\u00e1p h\u1ec7 th\u1ed1ng camera gi\u00e1m s\u00e1t Gi\u1ea3i ph\u00e1p camera quan s\u00e1t hi\u1ec7n nay s\u1eed d\u1ee5ng hai c\u00f4ng ngh\u1ec7 ch\u00ednh l\u00e0 Camera quan s\u00e1t c\u00f4ng ngh\u1ec7&nbsp; Analog (g\u1ecdi t\u1eaft l\u00e0&nbsp;Camera Analog) v\u00e0 Camera quan s\u00e1t c\u00f4ng ngh\u1ec7 IP (g\u1ecdi t\u1eaft l\u00e0&nbsp;Camera IP). \u0110\u1eb7c \u0111i\u1ec3m ph\u00e2n bi\u1ec7t ch\u00ednh c\u1ee7a hai h\u1ec7 th\u1ed1ng Camera quan s\u00e1t n\u00e0y [&hellip;]<\/p>\n","protected":false},"author":1,"featured_media":0,"parent":0,"menu_order":0,"comment_status":"closed","ping_status":"closed","template":"","meta":{"footnotes":""},"class_list":["post-1451","page","type-page","status-publish","hentry"],"rankMath":{"parentDomain":"giaiphapluutru.com","noFollowDomains":[],"noFollowExcludeDomains":[],"noFollowExternalLinks":false,"featuredImageNotice":"H\u00ecnh \u1ea3nh n\u1ed5i b\u1eadt n\u00ean c\u00f3 k\u00edch th\u01b0\u1edbc \u00edt nh\u1ea5t 200 x 200 pixel \u0111\u1ec3 \u0111\u01b0\u1ee3c Facebook v\u00e0 c\u00e1c trang m\u1ea1ng x\u00e3 h\u1ed9i kh\u00e1c ch\u1ecdn.","pluginReviewed":false,"postSettings":{"linkSuggestions":true,"useFocusKeyword":false},"frontEndScore":false,"postName":"giai-phap-camera-giam-sat","permalinkFormat":"https:\/\/giaiphapluutru.com\/index.php\/%pagename%\/","showLockModifiedDate":true,"assessor":{"focusKeywordLink":"https:\/\/giaiphapluutru.com\/wp-admin\/edit.php?focus_keyword=%focus_keyword%&post_type=%post_type%","hasTOCPlugin":false,"primaryTaxonomy":false,"serpData":{"title":"","description":"","focusKeywords":"","pillarContent":false,"canonicalUrl":"","breadcrumbTitle":"","advancedRobots":[],"facebookTitle":"","facebookDescription":"","facebookImage":"","facebookImageID":"","facebookHasOverlay":false,"facebookImageOverlay":"","facebookAuthor":"","twitterCardType":"","twitterUseFacebook":true,"twitterTitle":"","twitterDescription":"","twitterImage":"","twitterImageID":"","twitterHasOverlay":false,"twitterImageOverlay":"","twitterPlayerUrl":"","twitterPlayerSize":"","twitterPlayerStream":"","twitterPlayerStreamCtype":"","twitterAppDescription":"","twitterAppIphoneName":"","twitterAppIphoneID":"","twitterAppIphoneUrl":"","twitterAppIpadName":"","twitterAppIpadID":"","twitterAppIpadUrl":"","twitterAppGoogleplayName":"","twitterAppGoogleplayID":"","twitterAppGoogleplayUrl":"","twitterAppCountry":"","robots":{"index":true},"twitterAuthor":"t\u00ean ng\u01b0\u1eddi d\u00f9ng","primaryTerm":0,"authorName":"gplt_viethq","titleTemplate":"%title% %page% %sep% %sitename%","descriptionTemplate":"","showScoreFrontend":true,"lockModifiedDate":false},"powerWords":[],"diacritics":{"A":"[\\u0041\\u24B6\\uFF21\\u00C0\\u00C1\\u00C2\\u1EA6\\u1EA4\\u1EAA\\u1EA8\\u00C3\\u0100\\u0102\\u1EB0\\u1EAE\\u1EB4\\u1EB2\\u0226\\u01E0\\u00C4\\u01DE\\u1EA2\\u00C5\\u01FA\\u01CD\\u0200\\u0202\\u1EA0\\u1EAC\\u1EB6\\u1E00\\u0104\\u023A\\u2C6F]","AA":"[\\uA732]","AE":"[\\u00C6\\u01FC\\u01E2]","AO":"[\\uA734]","AU":"[\\uA736]","AV":"[\\uA738\\uA73A]","AY":"[\\uA73C]","B":"[\\u0042\\u24B7\\uFF22\\u1E02\\u1E04\\u1E06\\u0243\\u0182\\u0181]","C":"[\\u0043\\u24B8\\uFF23\\u0106\\u0108\\u010A\\u010C\\u00C7\\u1E08\\u0187\\u023B\\uA73E]","D":"[\\u0044\\u24B9\\uFF24\\u1E0A\\u010E\\u1E0C\\u1E10\\u1E12\\u1E0E\\u0110\\u018B\\u018A\\u0189\\uA779]","DZ":"[\\u01F1\\u01C4]","Dz":"[\\u01F2\\u01C5]","E":"[\\u0045\\u24BA\\uFF25\\u00C8\\u00C9\\u00CA\\u1EC0\\u1EBE\\u1EC4\\u1EC2\\u1EBC\\u0112\\u1E14\\u1E16\\u0114\\u0116\\u00CB\\u1EBA\\u011A\\u0204\\u0206\\u1EB8\\u1EC6\\u0228\\u1E1C\\u0118\\u1E18\\u1E1A\\u0190\\u018E]","F":"[\\u0046\\u24BB\\uFF26\\u1E1E\\u0191\\uA77B]","G":"[\\u0047\\u24BC\\uFF27\\u01F4\\u011C\\u1E20\\u011E\\u0120\\u01E6\\u0122\\u01E4\\u0193\\uA7A0\\uA77D\\uA77E]","H":"[\\u0048\\u24BD\\uFF28\\u0124\\u1E22\\u1E26\\u021E\\u1E24\\u1E28\\u1E2A\\u0126\\u2C67\\u2C75\\uA78D]","I":"[\\u0049\\u24BE\\uFF29\\u00CC\\u00CD\\u00CE\\u0128\\u012A\\u012C\\u0130\\u00CF\\u1E2E\\u1EC8\\u01CF\\u0208\\u020A\\u1ECA\\u012E\\u1E2C\\u0197]","J":"[\\u004A\\u24BF\\uFF2A\\u0134\\u0248]","K":"[\\u004B\\u24C0\\uFF2B\\u1E30\\u01E8\\u1E32\\u0136\\u1E34\\u0198\\u2C69\\uA740\\uA742\\uA744\\uA7A2]","L":"[\\u004C\\u24C1\\uFF2C\\u013F\\u0139\\u013D\\u1E36\\u1E38\\u013B\\u1E3C\\u1E3A\\u0141\\u023D\\u2C62\\u2C60\\uA748\\uA746\\uA780]","LJ":"[\\u01C7]","Lj":"[\\u01C8]","M":"[\\u004D\\u24C2\\uFF2D\\u1E3E\\u1E40\\u1E42\\u2C6E\\u019C]","N":"[\\u004E\\u24C3\\uFF2E\\u01F8\\u0143\\u00D1\\u1E44\\u0147\\u1E46\\u0145\\u1E4A\\u1E48\\u0220\\u019D\\uA790\\uA7A4]","NJ":"[\\u01CA]","Nj":"[\\u01CB]","O":"[\\u004F\\u24C4\\uFF2F\\u00D2\\u00D3\\u00D4\\u1ED2\\u1ED0\\u1ED6\\u1ED4\\u00D5\\u1E4C\\u022C\\u1E4E\\u014C\\u1E50\\u1E52\\u014E\\u022E\\u0230\\u00D6\\u022A\\u1ECE\\u0150\\u01D1\\u020C\\u020E\\u01A0\\u1EDC\\u1EDA\\u1EE0\\u1EDE\\u1EE2\\u1ECC\\u1ED8\\u01EA\\u01EC\\u00D8\\u01FE\\u0186\\u019F\\uA74A\\uA74C]","OI":"[\\u01A2]","OO":"[\\uA74E]","OU":"[\\u0222]","P":"[\\u0050\\u24C5\\uFF30\\u1E54\\u1E56\\u01A4\\u2C63\\uA750\\uA752\\uA754]","Q":"[\\u0051\\u24C6\\uFF31\\uA756\\uA758\\u024A]","R":"[\\u0052\\u24C7\\uFF32\\u0154\\u1E58\\u0158\\u0210\\u0212\\u1E5A\\u1E5C\\u0156\\u1E5E\\u024C\\u2C64\\uA75A\\uA7A6\\uA782]","S":"[\\u0053\\u24C8\\uFF33\\u1E9E\\u015A\\u1E64\\u015C\\u1E60\\u0160\\u1E66\\u1E62\\u1E68\\u0218\\u015E\\u2C7E\\uA7A8\\uA784]","T":"[\\u0054\\u24C9\\uFF34\\u1E6A\\u0164\\u1E6C\\u021A\\u0162\\u1E70\\u1E6E\\u0166\\u01AC\\u01AE\\u023E\\uA786]","TZ":"[\\uA728]","U":"[\\u0055\\u24CA\\uFF35\\u00D9\\u00DA\\u00DB\\u0168\\u1E78\\u016A\\u1E7A\\u016C\\u00DC\\u01DB\\u01D7\\u01D5\\u01D9\\u1EE6\\u016E\\u0170\\u01D3\\u0214\\u0216\\u01AF\\u1EEA\\u1EE8\\u1EEE\\u1EEC\\u1EF0\\u1EE4\\u1E72\\u0172\\u1E76\\u1E74\\u0244]","V":"[\\u0056\\u24CB\\uFF36\\u1E7C\\u1E7E\\u01B2\\uA75E\\u0245]","VY":"[\\uA760]","W":"[\\u0057\\u24CC\\uFF37\\u1E80\\u1E82\\u0174\\u1E86\\u1E84\\u1E88\\u2C72]","X":"[\\u0058\\u24CD\\uFF38\\u1E8A\\u1E8C]","Y":"[\\u0059\\u24CE\\uFF39\\u1EF2\\u00DD\\u0176\\u1EF8\\u0232\\u1E8E\\u0178\\u1EF6\\u1EF4\\u01B3\\u024E\\u1EFE]","Z":"[\\u005A\\u24CF\\uFF3A\\u0179\\u1E90\\u017B\\u017D\\u1E92\\u1E94\\u01B5\\u0224\\u2C7F\\u2C6B\\uA762]","a":"[\\u0061\\u24D0\\uFF41\\u1E9A\\u00E0\\u00E1\\u00E2\\u1EA7\\u1EA5\\u1EAB\\u1EA9\\u00E3\\u0101\\u0103\\u1EB1\\u1EAF\\u1EB5\\u1EB3\\u0227\\u01E1\\u00E4\\u01DF\\u1EA3\\u00E5\\u01FB\\u01CE\\u0201\\u0203\\u1EA1\\u1EAD\\u1EB7\\u1E01\\u0105\\u2C65\\u0250]","aa":"[\\uA733]","ae":"[\\u00E6\\u01FD\\u01E3]","ao":"[\\uA735]","au":"[\\uA737]","av":"[\\uA739\\uA73B]","ay":"[\\uA73D]","b":"[\\u0062\\u24D1\\uFF42\\u1E03\\u1E05\\u1E07\\u0180\\u0183\\u0253]","c":"[\\u0063\\u24D2\\uFF43\\u0107\\u0109\\u010B\\u010D\\u00E7\\u1E09\\u0188\\u023C\\uA73F\\u2184]","d":"[\\u0064\\u24D3\\uFF44\\u1E0B\\u010F\\u1E0D\\u1E11\\u1E13\\u1E0F\\u0111\\u018C\\u0256\\u0257\\uA77A]","dz":"[\\u01F3\\u01C6]","e":"[\\u0065\\u24D4\\uFF45\\u00E8\\u00E9\\u00EA\\u1EC1\\u1EBF\\u1EC5\\u1EC3\\u1EBD\\u0113\\u1E15\\u1E17\\u0115\\u0117\\u00EB\\u1EBB\\u011B\\u0205\\u0207\\u1EB9\\u1EC7\\u0229\\u1E1D\\u0119\\u1E19\\u1E1B\\u0247\\u025B\\u01DD]","f":"[\\u0066\\u24D5\\uFF46\\u1E1F\\u0192\\uA77C]","g":"[\\u0067\\u24D6\\uFF47\\u01F5\\u011D\\u1E21\\u011F\\u0121\\u01E7\\u0123\\u01E5\\u0260\\uA7A1\\u1D79\\uA77F]","h":"[\\u0068\\u24D7\\uFF48\\u0125\\u1E23\\u1E27\\u021F\\u1E25\\u1E29\\u1E2B\\u1E96\\u0127\\u2C68\\u2C76\\u0265]","hv":"[\\u0195]","i":"[\\u0069\\u24D8\\uFF49\\u00EC\\u00ED\\u00EE\\u0129\\u012B\\u012D\\u00EF\\u1E2F\\u1EC9\\u01D0\\u0209\\u020B\\u1ECB\\u012F\\u1E2D\\u0268\\u0131]","j":"[\\u006A\\u24D9\\uFF4A\\u0135\\u01F0\\u0249]","k":"[\\u006B\\u24DA\\uFF4B\\u1E31\\u01E9\\u1E33\\u0137\\u1E35\\u0199\\u2C6A\\uA741\\uA743\\uA745\\uA7A3]","l":"[\\u006C\\u24DB\\uFF4C\\u0140\\u013A\\u013E\\u1E37\\u1E39\\u013C\\u1E3D\\u1E3B\\u017F\\u0142\\u019A\\u026B\\u2C61\\uA749\\uA781\\uA747]","lj":"[\\u01C9]","m":"[\\u006D\\u24DC\\uFF4D\\u1E3F\\u1E41\\u1E43\\u0271\\u026F]","n":"[\\u006E\\u24DD\\uFF4E\\u01F9\\u0144\\u00F1\\u1E45\\u0148\\u1E47\\u0146\\u1E4B\\u1E49\\u019E\\u0272\\u0149\\uA791\\uA7A5]","nj":"[\\u01CC]","o":"[\\u006F\\u24DE\\uFF4F\\u00F2\\u00F3\\u00F4\\u1ED3\\u1ED1\\u1ED7\\u1ED5\\u00F5\\u1E4D\\u022D\\u1E4F\\u014D\\u1E51\\u1E53\\u014F\\u022F\\u0231\\u00F6\\u022B\\u1ECF\\u0151\\u01D2\\u020D\\u020F\\u01A1\\u1EDD\\u1EDB\\u1EE1\\u1EDF\\u1EE3\\u1ECD\\u1ED9\\u01EB\\u01ED\\u00F8\\u01FF\\u0254\\uA74B\\uA74D\\u0275]","oi":"[\\u01A3]","ou":"[\\u0223]","oo":"[\\uA74F]","p":"[\\u0070\\u24DF\\uFF50\\u1E55\\u1E57\\u01A5\\u1D7D\\uA751\\uA753\\uA755]","q":"[\\u0071\\u24E0\\uFF51\\u024B\\uA757\\uA759]","r":"[\\u0072\\u24E1\\uFF52\\u0155\\u1E59\\u0159\\u0211\\u0213\\u1E5B\\u1E5D\\u0157\\u1E5F\\u024D\\u027D\\uA75B\\uA7A7\\uA783]","s":"[\\u0073\\u24E2\\uFF53\\u015B\\u1E65\\u015D\\u1E61\\u0161\\u1E67\\u1E63\\u1E69\\u0219\\u015F\\u023F\\uA7A9\\uA785\\u1E9B]","ss":"[\\u00DF]","t":"[\\u0074\\u24E3\\uFF54\\u1E6B\\u1E97\\u0165\\u1E6D\\u021B\\u0163\\u1E71\\u1E6F\\u0167\\u01AD\\u0288\\u2C66\\uA787]","tz":"[\\uA729]","u":"[\\u0075\\u24E4\\uFF55\\u00F9\\u00FA\\u00FB\\u0169\\u1E79\\u016B\\u1E7B\\u016D\\u00FC\\u01DC\\u01D8\\u01D6\\u01DA\\u1EE7\\u016F\\u0171\\u01D4\\u0215\\u0217\\u01B0\\u1EEB\\u1EE9\\u1EEF\\u1EED\\u1EF1\\u1EE5\\u1E73\\u0173\\u1E77\\u1E75\\u0289]","v":"[\\u0076\\u24E5\\uFF56\\u1E7D\\u1E7F\\u028B\\uA75F\\u028C]","vy":"[\\uA761]","w":"[\\u0077\\u24E6\\uFF57\\u1E81\\u1E83\\u0175\\u1E87\\u1E85\\u1E98\\u1E89\\u2C73]","x":"[\\u0078\\u24E7\\uFF58\\u1E8B\\u1E8D]","y":"[\\u0079\\u24E8\\uFF59\\u1EF3\\u00FD\\u0177\\u1EF9\\u0233\\u1E8F\\u00FF\\u1EF7\\u1E99\\u1EF5\\u01B4\\u024F\\u1EFF]","z":"[\\u007A\\u24E9\\uFF5A\\u017A\\u1E91\\u017C\\u017E\\u1E93\\u1E95\\u01B6\\u0225\\u0240\\u2C6C\\uA763]"},"researchesTests":["contentHasTOC","contentHasShortParagraphs","contentHasAssets","keywordInTitle","keywordInMetaDescription","keywordInPermalink","keywordIn10Percent","keywordInContent","keywordInSubheadings","keywordInImageAlt","keywordDensity","keywordNotUsed","lengthContent","lengthPermalink","linksHasInternal","linksHasExternals","linksNotAllExternals","titleStartWithKeyword","titleSentiment","titleHasPowerWords","titleHasNumber","hasContentAI"],"hasRedirection":false,"hasBreadcrumb":true},"homeUrl":"https:\/\/giaiphapluutru.com","objectID":1451,"objectType":"post","locale":"vi","localeFull":"vi","overlayImages":{"play":{"name":"Bi\u1ec3u t\u01b0\u1ee3ng ph\u00e1t","url":"https:\/\/giaiphapluutru.com\/wp-content\/plugins\/seo-by-rank-math\/assets\/admin\/img\/icon-play.png","path":"\/home\/promisec\/giaiphapluutru.com\/wp-content\/plugins\/seo-by-rank-math\/assets\/admin\/img\/icon-play.png","position":"middle_center"},"gif":{"name":"Bi\u1ec3u t\u01b0\u1ee3ng GIF","url":"https:\/\/giaiphapluutru.com\/wp-content\/plugins\/seo-by-rank-math\/assets\/admin\/img\/icon-gif.png","path":"\/home\/promisec\/giaiphapluutru.com\/wp-content\/plugins\/seo-by-rank-math\/assets\/admin\/img\/icon-gif.png","position":"middle_center"}},"defautOgImage":"https:\/\/giaiphapluutru.com\/wp-content\/plugins\/seo-by-rank-math\/assets\/admin\/img\/social-placeholder.jpg","customPermalinks":true,"isUserRegistered":true,"autoSuggestKeywords":true,"connectSiteUrl":"https:\/\/rankmath.com\/auth?site=https%3A%2F%2Fgiaiphapluutru.com&r=https%3A%2F%2Fgiaiphapluutru.com%2Findex.php%2Fwp-json%2Fwp%2Fv2%2Fpages%2F1451%3Fnonce%3D0fd6181575","maxTags":5,"trendsIcon":"<svg viewBox=\"0 0 610 610\"><path d=\"M18.85,446,174.32,290.48l58.08,58.08L76.93,504a14.54,14.54,0,0,1-20.55,0L18.83,466.48a14.54,14.54,0,0,1,0-20.55Z\" style=\"fill:#4285f4\"\/><path d=\"M242.65,242.66,377.59,377.6l-47.75,47.75a14.54,14.54,0,0,1-20.55,0L174.37,290.43l47.75-47.75A14.52,14.52,0,0,1,242.65,242.66Z\" style=\"fill:#ea4335\"\/><polygon points=\"319.53 319.53 479.26 159.8 537.34 217.88 377.61 377.62 319.53 319.53\" style=\"fill:#fabb05\"\/><path d=\"M594.26,262.73V118.61h0a16.94,16.94,0,0,0-16.94-16.94H433.2a16.94,16.94,0,0,0-12,28.92L565.34,274.71h0a16.94,16.94,0,0,0,28.92-12Z\" style=\"fill:#34a853\"\/><rect width=\"610\" height=\"610\" style=\"fill:none\"\/><\/svg>","showScore":true,"siteFavIcon":"data:image\/png;base64,iVBORw0KGgoAAAANSUhEUgAAABAAAAAQCAYAAAAf8\/9hAAABs0lEQVR4AWL4\/\/8\/RRjO8Iucx+noO0MWUDo16FYABMGP6ZfUcRnWtm27jVPbtm3bttuH2t3eFPcY9pLz7NxiLjCyVd87pKnHyqXyxtCs8APd0rnyxiu4qSeA3QEDrAwBDrT1s1Rc\/OrjLZwqVmOSu6+Lamcpp2KKMA9PH1BYXMe1mUP5qotvXTywsOEEYHXxrY+3cqk6TMkYpNr2FeoY3KIr0RPtn9wQ2unlA+GMkRw6+9TFw4YTwDUzx\/JVvARj9KaedXRO8P5B1Du2S32smzqUrcKGEyA+uAgQjKX7zf0boWHGfn71jIKj2689gxp7OAGShNcBUmLMPVjZuiKcA2vuWHHDCQxMCz629kXAIU4ApY15QwggAFbfOP9DhgBJ+nWVJ1AZAfICAj1pAlY6hCADZnveQf7bQIwzVONGJonhLIlS9gr5mFg44Xd+4S3XHoGNPdJl1INIwKyEgHckEhgTe1bGiFY9GSFBYUwLh1IkiJUbY407E7syBSFxKTszEoiE\/YdrgCEayDmtaJwCI9uu8TKMuZSVfSa4BpGgzvomBR\/INhLGzrqDotp01ZR8pn\/1L0JN9d9XNyx0AAAAAElFTkSuQmCC","canUser":{"general":false,"advanced":false,"snippet":false,"social":false,"analysis":false,"analytics":false,"content_ai":false},"showKeywordIntent":true,"isPro":false,"is_front_page":false,"trendsUpgradeLink":"https:\/\/rankmath.com\/pricing\/?utm_source=Plugin&utm_medium=CE%20General%20Tab%20Trends&utm_campaign=WP","trendsUpgradeLabel":"N\u00e2ng c\u1ea5p","trendsPreviewImage":"https:\/\/giaiphapluutru.com\/wp-content\/plugins\/seo-by-rank-math\/assets\/admin\/img\/trends-preview.jpg","currentEditor":false,"homepageData":{"assessor":{"powerWords":[],"diacritics":true,"researchesTests":["contentHasTOC","contentHasShortParagraphs","contentHasAssets","keywordInTitle","keywordInMetaDescription","keywordInPermalink","keywordIn10Percent","keywordInContent","keywordInSubheadings","keywordInImageAlt","keywordDensity","keywordNotUsed","lengthContent","lengthPermalink","linksHasInternal","linksHasExternals","linksNotAllExternals","titleStartWithKeyword","titleSentiment","titleHasPowerWords","titleHasNumber","hasContentAI"],"hasBreadcrumb":true,"serpData":{"title":"%sitename% %page% %sep% %sitedesc%","description":"","titleTemplate":"%sitename% %page% %sep% %sitedesc%","descriptionTemplate":"","focusKeywords":"","breadcrumbTitle":"Home","robots":{"index":true},"advancedRobots":[],"facebookTitle":"","facebookDescription":"","facebookImage":"","facebookImageID":""}}},"tocTitle":"Table of Contents","tocExcludeHeadings":[],"listStyle":"ul"},"_links":{"self":[{"href":"https:\/\/giaiphapluutru.com\/index.php\/wp-json\/wp\/v2\/pages\/1451","targetHints":{"allow":["GET"]}}],"collection":[{"href":"https:\/\/giaiphapluutru.com\/index.php\/wp-json\/wp\/v2\/pages"}],"about":[{"href":"https:\/\/giaiphapluutru.com\/index.php\/wp-json\/wp\/v2\/types\/page"}],"author":[{"embeddable":true,"href":"https:\/\/giaiphapluutru.com\/index.php\/wp-json\/wp\/v2\/users\/1"}],"replies":[{"embeddable":true,"href":"https:\/\/giaiphapluutru.com\/index.php\/wp-json\/wp\/v2\/comments?post=1451"}],"version-history":[{"count":4,"href":"https:\/\/giaiphapluutru.com\/index.php\/wp-json\/wp\/v2\/pages\/1451\/revisions"}],"predecessor-version":[{"id":1577,"href":"https:\/\/giaiphapluutru.com\/index.php\/wp-json\/wp\/v2\/pages\/1451\/revisions\/1577"}],"wp:attachment":[{"href":"https:\/\/giaiphapluutru.com\/index.php\/wp-json\/wp\/v2\/media?parent=1451"}],"curies":[{"name":"wp","href":"https:\/\/api.w.org\/{rel}","templated":true}]}}